{"id":738,"date":"2019-03-19T17:25:56","date_gmt":"2019-03-19T21:25:56","guid":{"rendered":"http:\/\/heartsoffreedom.org\/?page_id=738"},"modified":"2024-08-09T15:12:48","modified_gmt":"2024-08-09T19:12:48","slug":"brief-history","status":"publish","type":"page","link":"https:\/\/heartsoffreedom.org\/fr\/brief-history\/","title":{"rendered":"Une br\u00e8ve histoire"},"content":{"rendered":"<div class=\"brz-root__container brz-reset-all brz\">\n<section id=\"kthjiyngrj\" class=\"brz-section brz-css-jfeyE\">\n<div class=\"brz-section__content brz-section--boxed brz-css-g_nFo brz-css-rtZhC\" data-brz-custom-id=\"gdkgohoian\">\n<div class=\"brz-bg\">\n<div class=\"brz-bg-color\"><\/div>\n<\/div>\n<div class=\"brz-container brz-css-qw9Hg brz-css-w0fJf\">\n<div id=\"\" class=\"brz-css-rfD8I brz-css-eNjPg brz-wrapper\">\n<div class=\"brz-rich-text brz-rich-text__custom brz-css-ddBk8\" data-brz-custom-id=\"swfnfmukuv\">\n<div data-brz-translate-text=\"1\">\n<p data-uniq-id=\"ayqqw\" data-generated-css=\"brz-css-aqyuf\" class=\"brz-tp-lg-heading3 brz-css-skHR5\">C\u0153urs en libert\u00e9:<\/p>\n<\/div>\n<\/div>\n<\/div>\n<div id=\"\" class=\"brz-css-rfD8I brz-wrapper\">\n<div class=\"brz-rich-text brz-rich-text__custom brz-css-ddBk8\" data-brz-custom-id=\"owxtfcyild\">\n<div data-brz-translate-text=\"1\">\n<p data-uniq-id=\"iumdi\" data-generated-css=\"brz-css-vdiwr\" class=\"brz-tp-lg-subtitle brz-css-ssplz\">Un bref historique du Projet de recherche  sur l\u2019histoire canadienne des r\u00e9fugi\u00e9s de l\u2019Asie du Sud-Est.<\/p>\n<\/div>\n<\/div>\n<\/div>\n<div id=\"\" class=\"brz-css-rfD8I brz-wrapper\">\n<div class=\"brz-image brz-css-l5hcd brz-css-ujgjM\" data-brz-custom-id=\"oshqapetfd\"><img decoding=\"async\" class=\"brz-img\" src=\"https:\/\/heartsoffreedom.org\/wp-content\/uploads\/brizy\/imgs\/researchteam-936x514x0x0x936x514x1557780241.png\" alt=\"\" loading=\"lazy\"><\/div>\n<\/div>\n<div id=\"\" class=\"brz-css-rfD8I brz-css-wHTAr brz-wrapper\">\n<div class=\"brz-rich-text brz-rich-text__custom brz-css-ddBk8\" data-brz-custom-id=\"mxrnswvpcj\">\n<div data-brz-translate-text=\"1\">\n<p class=\"brz-css-rLPWc\">Le 22 avril 2015 Dau-Thi Huynh, tr\u00e9sori\u00e8re de la Vietnamese Canadian Federation (VCF) et Minh Nguyen, artiste et b\u00e9n\u00e9vole dans la communaut\u00e9 vietnamienne, se sont arrang\u00e9s pour rencontrer Colleen Lundy, professeure \u00e9m\u00e9rite de travail social \u00e0 l\u2019Universit\u00e9 Carleton, dans un caf\u00e9 Bridgehead \u00e0 Ottawa. L\u2019id\u00e9e d\u2019approcher l\u2019\u00c9cole de travail social a \u00e9t\u00e9 approuv\u00e9e et appuy\u00e9e par  le Dr Tri Hoang et Tuyet Lam, anciens pr\u00e9sident et vice-pr\u00e9sidente de la VCF. Puisque Le Dr Hoang ainsi que Mme Lam vivaient tous les deux en Alberta, ils n\u2019ont pas pu assister \u00e0 la r\u00e9union.<\/p>\n<p class=\"brz-css-adp6n\"><\/p>\n<p class=\"brz-css-yA8JU\"> Minh Nguyen envisageait un effort de recherche men\u00e9 par un groupe  communaut\u00e9-universit\u00e9-mus\u00e9e et a intitul\u00e9 le projet C\u0153urs en libert\u00e9. La F\u00e9d\u00e9ration avait d\u00e9velopp\u00e9 un site web pour stocker de l\u2019information sur l\u2019immigration des r\u00e9fugi\u00e9s vietnamiens vers le Canada et pour recueillir d\u2019autre information aupr\u00e8s du public. Ils avaient obtenu plusieurs lettres d\u2019appui de diff\u00e9rents bureaux gouvernementaux, rencontr\u00e9 des dirigeants politiques ainsi que  des experts de mus\u00e9es importants d\u2019Ottawa dans l\u2019espoir d\u2019\u00e9tablir un mus\u00e9e. Ils recherchaient un partenaire qui pourrait se joindre \u00e0 leur objectif d\u2019obtenir un financement pour un projet visant \u00e0  recueillir les exp\u00e9riences d\u2019anciens r\u00e9fugi\u00e9s et de ceux qui avaient \u00e9t\u00e9 impliqu\u00e9s dans leur \u00e9tablissement au Canada. Lors de cette premi\u00e8re r\u00e9union, les trois se sont entendus pour continuer \u00e0 se r\u00e9unir en vue de poursuivre le but d\u2019un mus\u00e9e canadien.<\/p>\n<p class=\"brz-css-dFct4\"><\/p>\n<p class=\"brz-css-pH_rP\"> Peu apr\u00e8s, Peter Duschinsky et Mike Molloy ont assist\u00e9 \u00e0 une des r\u00e9unions et se sont joints au projet. Les deux \u00e9taient membres de la Soci\u00e9t\u00e9 historique de l\u2019immigration canadienne et avaient une exp\u00e9rience sur le terrain de l\u2019exode de r\u00e9fugi\u00e9s. Peter est un ancien agent du service ext\u00e9rieur au Canada et l\u2019ancien directeur de liaison internationale \u00e0 Immigration Canada. Mike Molloy \u00e9tait coordonnateur principal du Groupe de travail sur les r\u00e9fugi\u00e9s indochinois de 1979 \u00e0 1980. La port\u00e9e du projet a \u00e9t\u00e9 \u00e9largie pour inclure les communaut\u00e9s cambodgienne et laotienne qui faisaient partie du mouvement des r\u00e9fugi\u00e9s venant de l\u2019ancienne Indochine au cours des ann\u00e9es 1970 et 1980. On a d\u00e9cid\u00e9 aussi de changer d\u2019objectif pour interviewer d\u2019anciens r\u00e9fugi\u00e9s et ceux qui avaient \u00e9t\u00e9 impliqu\u00e9s dans leur r\u00e9installation pour assurer la pr\u00e9servation de leurs exp\u00e9riences pour les g\u00e9n\u00e9rations \u00e0 venir et les inclure dans le r\u00e9cit historique du Canada.<\/p>\n<p class=\"brz-css-gmEJT\"><\/p>\n<p class=\"brz-css-qHo98\"> Peu apr\u00e8s se sont joints au projet \u00e9galement Allan Moscovitch, professeur \u00e9m\u00e9rite de travail social \u00e0 l\u2019Universit\u00e9 Carleton et Stephanie Stobbe , professeure agr\u00e9g\u00e9e au Coll\u00e8ge Menno Simons (coll\u00e8ge de Canadian Mennonite University) \u00e0 l\u2019Universit\u00e9 de Winnipeg. Nous avions maintenant l\u2019expertise et les ressources pour aller de l\u2019avant. Nous avons d\u00e9cid\u00e9 que, pour commencer, il fallait tout faire pour pr\u00e9server les exp\u00e9riences de vie d\u2019un \u00e9chantillon repr\u00e9sentatif de r\u00e9fugi\u00e9s par des entrevues enregistr\u00e9es en vid\u00e9o. Colleen et Allan ont commenc\u00e9 la r\u00e9daction d\u2019une demande de financement pour le Projet de l\u2019histoire canadienne des r\u00e9fugi\u00e9s de l\u2019Asie du Sud-Est : C\u0153urs en libert\u00e9. Une premi\u00e8re demande a \u00e9t\u00e9 soumise au Fonds pour l\u2019histoire du Canada du Patrimoine canadien mais en 2017 cette demande a \u00e9t\u00e9 noy\u00e9e dans les demandes de projets du Canada 150. Apr\u00e8s une r\u00e9union avec le personnel du Patrimoine canadien en septembre 2017, il a \u00e9t\u00e9 convenu que nous aurions l\u2019opportunit\u00e9 de pr\u00e9parer une nouvelle soumission. Avec un d\u00e9lai limit\u00e9, on a pr\u00e9par\u00e9 et soumis une nouvelle demande en octobre 2017. Heureusement, cette proposition a \u00e9t\u00e9 accept\u00e9e. Nous en avons re\u00e7u l\u2019avis en avril 2018.<\/p>\n<p class=\"brz-css-zytZk\"><\/p>\n<p class=\"brz-css-mdckr\"> Par la suite, nous avons mis sur pied un comit\u00e9 de gestion qui comprenait des repr\u00e9sentants des trois communaut\u00e9s : Canadiens d\u2019origine vietnamienne, cambodgienne et laotienne.  Nous avons \u00e9galement des repr\u00e9sentants du personnel du Mus\u00e9e canadien de l\u2019histoire et du Mus\u00e9e du Quai 21, ainsi que des membres de la Soci\u00e9t\u00e9 historique de l\u2019immigration canadienne. Nous comptons sur la sagesse et l\u2019exp\u00e9rience  du comit\u00e9 pour nous guider dans cette entreprise passionnante.<\/p>\n<p class=\"brz-css-gydpl\"><\/p>\n<p class=\"brz-css-wS0Sn\"> \u00c0 l\u2019automne de 2018, nous avons embauch\u00e9 une directrice ex\u00e9cutive (Ginette Thomas) pour nous aider \u00e0 coordonner le projet ainsi que le travail de trois \u00e9quipes d\u2019entrevue et de quatre coordonnateurs communautaires. Nous avons embauch\u00e9 aussi un directeur des m\u00e9dias num\u00e9riques (Mondy Lim) pour nous aider \u00e0 cr\u00e9er un site web pour l\u2019acc\u00e8s aux entrevues et \u00e0 d\u2019autre mat\u00e9riel recueilli et pour soigneusement recevoir et conserver ceux-ci. Quatre coordonnateurs communautaires ont \u00e9t\u00e9 embauch\u00e9s, dont la t\u00e2che consistait \u00e0 recruter d\u2019anciens r\u00e9fugi\u00e9s de chacune des trois communaut\u00e9s et \u00e0 recruter des Canadiens qui avaient aid\u00e9 des r\u00e9fugi\u00e9s \u00e0 venir au Canada. Les interview\u00e9s devaient raconter leur histoire sur vid\u00e9o. \u00c0 cette fin, nous avons embauch\u00e9 trois \u00e9quipes comprenant un intervieweur et un op\u00e9rateur de cam\u00e9ra. Heureusement, nous avons pu trouver le personnel appropri\u00e9 pour composer des \u00e9quipes vietnamienne et cambodgienne. Notre troisi\u00e8me \u00e9quipe a \u00e9t\u00e9 charg\u00e9e d\u2019entrevues aupr\u00e8s de parrains et d\u2019autres Canadiens  qui avaient \u00e9t\u00e9 impliqu\u00e9s dans l\u2019aide donn\u00e9e aux r\u00e9fugi\u00e9s, et aupr\u00e8s de Canadiens d\u2019origine laotienne.<\/p>\n<p class=\"brz-css-zCZtV\"><\/p>\n<p class=\"brz-css-eqzPU\"> \u00c0 l\u2019automne de 2018, nous avons organis\u00e9 plusieurs s\u00e9ances de formation pour nos \u00e9quipes d\u2019entrevue pendant que les coordonnateurs communautaires s\u2019occupaient \u00e0 trouver des personnes qui s\u2019int\u00e9ressaient \u00e0 se faire interviewer pour le projet. En m\u00eame temps, nous avons d\u00fb pr\u00e9parer et soumettre une demande d\u00e9taill\u00e9e d\u2019approbation \u00e9thique pour le projet. Nous avons re\u00e7u l\u2019approbation au d\u00e9but de d\u00e9cembre, termin\u00e9 la formation au d\u00e9but de janvier 2019 et avons commenc\u00e9 alors \u00e0 \u00e9tablir un horaire d\u2019entrevues. Les premi\u00e8res entrevues ont eu lieu en f\u00e9vrier et mars 2019, puisant dans des personnes vivant \u00e0 Ottawa ou \u00e0 Gatineau. Plus tard dans l\u2019ann\u00e9e nous avons men\u00e9 des entrevues dans les r\u00e9gions de Montr\u00e9al et Toronto. En 2020 il y a eu des entrevues \u00e0 Winnipeg, Edmonton, Calgary et Vancouver. Les entrevues pr\u00e9vues \u00e0 Halifax ont \u00e9t\u00e9 mises en suspens en raison de la pand\u00e9mie. Les entrevues se d\u00e9roulaient principalement en anglais ou en fran\u00e7ais. Un certain nombre ont \u00e9t\u00e9 men\u00e9s en khmer, en vietnamien et en laotien. Au total, 170 entrevues ont eu lieu aupr\u00e8s de femmes et d\u2019hommes qui \u00e9taient venus au Canada en tant que r\u00e9fugi\u00e9s entre 1975 et 1985 ou qui avaient aid\u00e9 des r\u00e9fugi\u00e9s au cours de cette p\u00e9riode. Nous pr\u00e9voyons encore mener 11 entrevues quand les conditions le permettront. \u00c0 partir des entrevues et d\u2019autre mat\u00e9riel, nous envisageons de produire un livre ainsi qu\u2019un film documentaire. Les deux porteront sur les exp\u00e9riences de vie des r\u00e9fugi\u00e9s de l\u2019Asie du Sud-Est qui sont venus au Canada apr\u00e8s la chute de la guerre au Vietnam, de la guerre secr\u00e8te au Laos et du g\u00e9nocide au Cambodge.<span class=\"brz-cp-color7\"> <\/span><\/p>\n<\/div>\n<\/div>\n<\/div>\n<div id=\"\" class=\"brz-css-rfD8I brz-css-i9HuR brz-wrapper\">\n<div class=\"brz-spacer brz-css-jHAWH brz-css-uvP3l\"><\/div>\n<\/div>\n<div id=\"\" class=\"brz-css-rfD8I brz-wrapper\">\n<div class=\"brz-rich-text brz-rich-text__custom brz-css-ddBk8\" data-brz-custom-id=\"xcvpylbufovlavnsnwpoabekjsmzzovdmupx\">\n<div data-brz-translate-text=\"1\">\n<p class=\"brz-css-x6Lv_\"><em class=\"brz-cp-color7\">Allan Moscovitch, Colleen Lundy, PeterDuschinsky, Michael J. Molloy and Stephanie Stobbe, 2020<\/em><\/p>\n<\/div>\n<\/div>\n<\/div>\n<\/div>\n<\/div>\n<\/section>\n<\/div>\n<p>    <!-- version:1723230768 --><\/p>","protected":false},"excerpt":{"rendered":"<p>Hearts of Freedom: A brief history of the Canadian Southeast Asian Historical Research Project On April 22nd, 2015, Dau-Thi Huynh, Treasurer of the Vietnamese Canadian Federation (VCF), and Minh Nguyen, an artist and volunteer in the Vietnamese community, arranged to meet Colleen Lundy, professor emeritus of social work at Carleton University, at a Bridgehead Caf\u00e9 [&hellip;]<\/p>","protected":false},"author":1,"featured_media":305,"parent":0,"menu_order":0,"comment_status":"closed","ping_status":"closed","template":"","meta":{"_seopress_robots_primary_cat":"","_seopress_titles_title":"A Brief History of the Hearts of Freedom Project","_seopress_titles_desc":" Hearts of Freedom is a Canadian Southeast Asian Historical Research Project. Our goal is to document the largest refugee migration in Canadian history and to collect refugees stories from Southeast Asia.","_seopress_robots_index":"","footnotes":""},"class_list":["post-738","page","type-page","status-publish","has-post-thumbnail","hentry"],"_links":{"self":[{"href":"https:\/\/heartsoffreedom.org\/fr\/wp-json\/wp\/v2\/pages\/738","targetHints":{"allow":["GET"]}}],"collection":[{"href":"https:\/\/heartsoffreedom.org\/fr\/wp-json\/wp\/v2\/pages"}],"about":[{"href":"https:\/\/heartsoffreedom.org\/fr\/wp-json\/wp\/v2\/types\/page"}],"author":[{"embeddable":true,"href":"https:\/\/heartsoffreedom.org\/fr\/wp-json\/wp\/v2\/users\/1"}],"replies":[{"embeddable":true,"href":"https:\/\/heartsoffreedom.org\/fr\/wp-json\/wp\/v2\/comments?post=738"}],"version-history":[{"count":7,"href":"https:\/\/heartsoffreedom.org\/fr\/wp-json\/wp\/v2\/pages\/738\/revisions"}],"predecessor-version":[{"id":30873,"href":"https:\/\/heartsoffreedom.org\/fr\/wp-json\/wp\/v2\/pages\/738\/revisions\/30873"}],"wp:featuredmedia":[{"embeddable":true,"href":"https:\/\/heartsoffreedom.org\/fr\/wp-json\/wp\/v2\/media\/305"}],"wp:attachment":[{"href":"https:\/\/heartsoffreedom.org\/fr\/wp-json\/wp\/v2\/media?parent=738"}],"curies":[{"name":"wp","href":"https:\/\/api.w.org\/{rel}","templated":true}]}}