{"id":519,"date":"2019-02-11T18:32:42","date_gmt":"2019-02-11T18:32:42","guid":{"rendered":"http:\/\/heartsoffreedom.org\/?page_id=519"},"modified":"2024-08-10T15:24:21","modified_gmt":"2024-08-10T19:24:21","slug":"master-list-for-interviews","status":"publish","type":"page","link":"https:\/\/heartsoffreedom.org\/fr\/master-list-for-interviews\/","title":{"rendered":"Protected: Protected: Prot\u00e9g\u00e9&nbsp;: Prot\u00e9g\u00e9&nbsp;: Protected: Prot\u00e9g\u00e9\u00a0: Protected: Protected: Protected: Prot\u00e9g\u00e9&nbsp;: Protected: Prot\u00e9g\u00e9&nbsp;: Protected: Master List for interviews"},"content":{"rendered":"","protected":true},"excerpt":{"rendered":"","protected":true},"author":1,"featured_media":198,"parent":0,"menu_order":0,"comment_status":"closed","ping_status":"closed","template":"brizy-blank-template.php","meta":{"_seopress_robots_primary_cat":"","_seopress_titles_title":"","_seopress_titles_desc":"","_seopress_robots_index":"","footnotes":""},"class_list":["post-519","page","type-page","status-publish","post-password-required","hentry"],"_links":{"self":[{"href":"https:\/\/heartsoffreedom.org\/fr\/wp-json\/wp\/v2\/pages\/519","targetHints":{"allow":["GET"]}}],"collection":[{"href":"https:\/\/heartsoffreedom.org\/fr\/wp-json\/wp\/v2\/pages"}],"about":[{"href":"https:\/\/heartsoffreedom.org\/fr\/wp-json\/wp\/v2\/types\/page"}],"author":[{"embeddable":true,"href":"https:\/\/heartsoffreedom.org\/fr\/wp-json\/wp\/v2\/users\/1"}],"replies":[{"embeddable":true,"href":"https:\/\/heartsoffreedom.org\/fr\/wp-json\/wp\/v2\/comments?post=519"}],"version-history":[{"count":0,"href":"https:\/\/heartsoffreedom.org\/fr\/wp-json\/wp\/v2\/pages\/519\/revisions"}],"wp:featuredmedia":[{"embeddable":true,"href":"https:\/\/heartsoffreedom.org\/fr\/wp-json\/wp\/v2\/media\/198"}],"wp:attachment":[{"href":"https:\/\/heartsoffreedom.org\/fr\/wp-json\/wp\/v2\/media?parent=519"}],"curies":[{"name":"wp","href":"https:\/\/api.w.org\/{rel}","templated":true}]}}