{"id":392,"date":"2019-02-06T20:20:19","date_gmt":"2019-02-07T01:20:19","guid":{"rendered":"http:\/\/heartsoffreedom.org\/?page_id=392"},"modified":"2024-08-09T15:34:45","modified_gmt":"2024-08-09T19:34:45","slug":"chronology","status":"publish","type":"page","link":"https:\/\/heartsoffreedom.org\/fr\/chronology\/","title":{"rendered":"Chronologie"},"content":{"rendered":"<div class=\"brz-root__container brz-reset-all brz\">\n<section id=\"jxsdkqoypj\" class=\"brz-section brz-css-tF8eQ\">\n<div class=\"brz-section__content brz-section--boxed brz-css-xDBVo brz-css-xCXuX\" data-brz-custom-id=\"tcuqzdbfqb\">\n<div class=\"brz-bg\">\n<div class=\"brz-bg-image\"><\/div>\n<div class=\"brz-bg-color\"><\/div>\n<\/div>\n<div class=\"brz-container brz-css-pkQMu\">\n<div class=\"brz-row__container brz-css-uGePL\" data-brz-custom-id=\"axnglxmusg\">\n<div class=\"brz-bg\"><\/div>\n<div class=\"brz-row brz-css-ds9eW brz-css-aIr3B\">\n<div data-brz-iteration-count=\"1\" class=\"brz-columns brz-css-p03t1 brz-css-iOZha brz-animated brz-css-or8Kn brz-css-h9n8O\" data-brz-custom-id=\"wliqolhoyb\">\n<div class=\"brz-bg\"><\/div>\n<div class=\"brz-column__items brz-css-jIU_1\">\n<div id=\"\" class=\"brz-css-oo1jK brz-css-rDxmf brz-wrapper\">\n<div class=\"brz-rich-text brz-rich-text__custom brz-css-urhE5\" data-brz-custom-id=\"nbqwbajvza\">\n<div data-brz-translate-text=\"1\">\n<h1 class=\"brz-text-xs-center brz-text-lg-right brz-mb-lg-0 brz-lh-lg-1_3 brz-lh-sm-im-1_3 brz-lh-xs-im-1_3 brz-fs-lg-56 brz-fs-sm-im-40 brz-fs-xs-im-34 brz-ls-lg-m_1_5 brz-ls-sm-im-m_1 brz-ls-xs-im-m_1 brz-ff-montserrat brz-fw-lg-400 brz-fw-sm-im-200 brz-fw-xs-im-200 brz-css-fYEXr\"><span class=\"brz-cp-color8\">The South East Asian&nbsp;Refugees<\/span><\/h1>\n<\/div>\n<\/div>\n<\/div>\n<\/div>\n<\/div>\n<div class=\"brz-columns brz-css-p03t1 brz-css-lkQ7T\" data-brz-custom-id=\"yexwvlbdsq\">\n<div class=\"brz-bg\"><\/div>\n<div class=\"brz-column__items brz-css-jIU_1\">\n<div class=\"brz-wrapper-clone brz-css-onj9J brz-css-qrdQc\">\n<div class=\"brz-d-xs-flex brz-flex-xs-wrap brz-css-rn2K0\" data-brz-custom-id=\"\">\n<div class=\"brz-wrapper-clone__item\" id=\"fyoqjyelwm\">\n<div class=\"brz-icon__container\" data-brz-custom-id=\"fyoqjyelwm\"><span class=\"brz-icon brz-span brz-css-sSZuB brz-css-jGQum\"><\/span><\/div>\n<\/div>\n<\/div>\n<\/div>\n<\/div>\n<\/div>\n<div data-brz-iteration-count=\"1\" class=\"brz-columns brz-css-p03t1 brz-css-faaMA brz-animated brz-css-lHisw brz-css-wco_m\" data-brz-custom-id=\"suvffidcrb\">\n<div class=\"brz-bg\"><\/div>\n<div class=\"brz-column__items brz-css-jIU_1\">\n<div id=\"\" class=\"brz-css-oo1jK brz-css-uDp_a brz-wrapper\">\n<div class=\"brz-rich-text brz-rich-text__custom brz-css-urhE5\" data-brz-custom-id=\"xgmjeixgxs\">\n<div data-brz-translate-text=\"1\">\n<h1 class=\"brz-text-xs-center brz-text-lg-left brz-mb-lg-0 brz-lh-lg-1_3 brz-lh-sm-im-1_3 brz-lh-xs-im-1_3 brz-fs-lg-56 brz-fs-sm-im-40 brz-fs-xs-im-34 brz-ls-lg-m_1_5 brz-ls-sm-im-m_1 brz-ls-xs-im-m_1 brz-ff-montserrat brz-fw-lg-400 brz-fw-sm-im-200 brz-fw-xs-im-200 brz-css-yVP6y\"><span class=\"brz-cp-color8\">Canada 1975-1991<\/span><\/h1>\n<\/div>\n<\/div>\n<\/div>\n<\/div>\n<\/div>\n<\/div>\n<\/div>\n<\/div>\n<\/div>\n<\/section>\n<section id=\"ntsjwisiapswgwselplgpyjzonzlkgzeezkd\" class=\"brz-section brz-css-tF8eQ\">\n<div class=\"brz-section__content brz-section--boxed brz-css-xDBVo brz-css-dvFTD\" data-brz-custom-id=\"scibrwkewhdmqzkkspzfvivssmqgrxynbvuz\">\n<div class=\"brz-container brz-css-pkQMu brz-css-nJ2lO\">\n<div class=\"brz-row__container brz-css-uGePL\" data-brz-custom-id=\"vrhyhbqexknywmqowbhssvoondfixqcwpqgc\">\n<div class=\"brz-bg\"><\/div>\n<div class=\"brz-row brz-css-ds9eW brz-css-aIr3B\">\n<div class=\"brz-columns brz-css-p03t1 brz-css-nI8Ou\" data-brz-custom-id=\"klriwgfbkbvygzveowlpsyslqeeqywbxwewj\">\n<div class=\"brz-bg\"><\/div>\n<div class=\"brz-column__items brz-css-jIU_1 brz-css-m6sub\">\n<div id=\"\" class=\"brz-css-oo1jK brz-css-ve6L6 brz-css-uqt0U brz-wrapper\">\n<div class=\"brz-spacer brz-css-agATC brz-css-c9FQb\"><\/div>\n<\/div>\n<div id=\"\" class=\"brz-css-oo1jK brz-css-yEzQE brz-wrapper\">\n<div class=\"brz-rich-text brz-rich-text__custom brz-css-urhE5\" data-brz-custom-id=\"fjkvihrzozqbcnbkprdotvznebstqajtelas\">\n<div data-brz-translate-text=\"1\">\n<h2 class=\"brz-tp-heading2 brz-css-mua5o\"><span class=\"brz-cp-color2\">Bref aper\u00e7u<\/span><\/h2>\n<\/div>\n<\/div>\n<\/div>\n<div id=\"\" class=\"brz-css-oo1jK brz-css-rMGzi brz-wrapper\">\n<div class=\"brz-rich-text brz-rich-text__custom brz-css-urhE5\" data-brz-custom-id=\"ltihkufgnrgjhomvtjmqtqnvwdpyxxmlulml\">\n<div data-brz-translate-text=\"1\">\n<p class=\"brz-tp-paragraph brz-css-bIp89\"><span class=\"brz-cp-color1\">L\u2019implication am\u00e9ricaine au Vietnam a commenc\u00e9 dans la foul\u00e9e de la Seconde Guerre mondiale et dans le contexte du conflit avec l\u2019Union sovi\u00e9tique qu\u2019on a appel\u00e9 la Guerre froide. Les \u00c9tats-Unis ont commenc\u00e9 \u00e0 fournir des fonds aux forces fran\u00e7aises pour appuyer leur pr\u00e9sence au Vietnam alors que celles-ci se battaient contre les forces men\u00e9es par le Parti communiste du Vietnam. En 1950 l\u2019Union sovi\u00e9tique et la Chine ont reconnu la R\u00e9publique d\u00e9mocratique du Vietnam, dirig\u00e9e par les communistes et bas\u00e9e \u00e0 Hano\u00ef dans le nord. Peu apr\u00e8s les \u00c9-U et ses alli\u00e9s ont reconnu l\u2019\u00c9tat du Vietnam bas\u00e9 \u00e0 Saigon dans le sud.  <\/span><\/p>\n<p class=\"brz-tp-paragraph brz-css-rIpj9\"><\/p>\n<p class=\"brz-tp-paragraph brz-css-yQwyP\"><span class=\"brz-cp-color1\">Le 7 mai 1954, \u00e0 la suite d\u2019un conflit \u00e0 Di\u00ean Bi\u00ean Phu avec les forces militaires du Nord, les forces fran\u00e7aises se sont rendues. Cela a marqu\u00e9 la fin de l\u2019implication militaire fran\u00e7aise en Indochine. Lors d\u2019une conf\u00e9rence de paix \u00e0 Gen\u00e8ve, les Fran\u00e7ais ont n\u00e9goci\u00e9 un accord de cessez-le-feu avec le Nord. Le pays a \u00e9t\u00e9 temporairement partitionn\u00e9 le long du 17e parall\u00e8le. Aux termes des accords de Gen\u00e8ve, on a donn\u00e9 aux civils la possibilit\u00e9 de se d\u00e9placer librement entre les deux \u00c9tats provisoires pendant une p\u00e9riode de 300 jours. Des \u00e9lections devaient \u00eatre tenues partout dans le pays en 1956 en vue d\u2019\u00e9tablir un gouvernement unifi\u00e9. Par la suite, les Am\u00e9ricains ont r\u00e9pudi\u00e9 l\u2019accord puisque celui-ci n\u2019avait \u00e9t\u00e9 sign\u00e9 ni par eux ni par le gouvernement sud-vietnamien qu\u2019ils appuyaient. Aux termes de l\u2019accord de Gen\u00e8ve le Laos et le Cambodge sont devenus ind\u00e9pendants. <\/span><\/p>\n<p class=\"brz-tp-paragraph brz-css-ewRtR\"><\/p>\n<p class=\"brz-tp-paragraph brz-css-lLz5r\"><span class=\"brz-cp-color1\">Des milliers de Vietnamiens, catholiques pour la plupart, ont migr\u00e9 vers le sud alors que les sympathisants du Parti communiste se sont d\u00e9plac\u00e9s vers le nord au cours des 300 jours. En 1956, les derniers soldats fran\u00e7ais ont quitt\u00e9 le Sud-Vietnam et les derniers soldats chinois ont quitt\u00e9 le nord. Dans le nord H\u00f4 Chi Minh et le Parti communiste ont consolid\u00e9 leur pouvoir alors que dans le sud Ngo Dinh Di\u00eam, nomm\u00e9 premier ministre, a consolid\u00e9 son pouvoir \u00e0 son tour. Les \u00e9lections d\u2019unification n\u2019ont pas eu lieu. <\/span><\/p>\n<p class=\"brz-tp-paragraph brz-css-d5OK0\"><\/p>\n<p class=\"brz-tp-paragraph brz-css-gVWVj\"><span class=\"brz-cp-color1\">L\u2019implication directe am\u00e9ricaine en Asie du Sud-Est a dur\u00e9 au Vietnam, au Cambodge et au Laos du 1er novembre 1955 jusqu\u2019\u00e0 la chute de Saigon et du Sud-Vietnam le 20 avril 1975. Les \u00c9tats-Unis ont voulu remplacer la France comme pouvoir dominant  en Asie du Sud-Est et par leur politique d\u2019endiguement ont cherch\u00e9 \u00e0 emp\u00eacher la chute du Laos, du Cambodge et du Sud-Vietnam aux mains des forces communistes.<\/span><\/p>\n<p class=\"brz-tp-paragraph brz-css-tZ5C_\"><\/p>\n<p class=\"brz-tp-paragraph brz-css-zCCWA\"><span class=\"brz-cp-color1\">La guerre du Vietnam a \u00e9t\u00e9 men\u00e9e entre le Nord-Vietnam, appuy\u00e9 par l\u2019Union sovi\u00e9tique et la Chine, qui fournissaient un soutien politique et du mat\u00e9riel de guerre et le Sud-Vietnam, appuy\u00e9 par les Etats-Unis, qui ont d\u2019abord envoy\u00e9 des conseillers militaires et ont fini par intervenir directement avec des forces terrestres, a\u00e9riennes et navales. La guerre a \u00e9t\u00e9 extr\u00eamement destructrice, a caus\u00e9 des d\u00e9placements internes massifs et a \u00e9t\u00e9 \u00e9tendue au Laos (1968) et au Cambodge (1970). Une offensive massive nord-vietnamienne en 1968 (l\u2019offensive du T\u00eat) a \u00e9t\u00e9 vaincue militairement par les forces am\u00e9ricaines et sud-vietnamiennes mais a d\u00e9truit le soutien populaire am\u00e9ricain, ce qui a men\u00e9 au retrait final des \u00c9tats-Unis.<\/span><\/p>\n<p class=\"brz-tp-paragraph brz-css-yTZ9D\"><\/p>\n<p class=\"brz-tp-paragraph brz-css-oX_Yn\"><span class=\"brz-cp-color1\">On April 30, 1975, North Vietnamese troops entered Saigon marking the end of the Vietnam war. The victorious communist nationalists were ready to punish their enemies, meaning any supporters, officials, or soldiers of the former government. As well, the new government considered members of the professional or business classes, especially if these were part of minority ethnic groups ? in particular the Chinese &#8211; as class enemies to be expelled or re-educated, meaning punished in concentration camp-like conditions. In Cambodia, the Khmer Rouge, which took power in 1975 under the leadership of Pol Pot, arrested and executed those who had any connection with the former government, as well as landowners, businessmen, professionals, and intellectuals. The genocide resulted in an estimated 1.5 to 2 million deaths in camps across the country. The deaths represented about one quarter of the population. In 1978, the forces of the now unified Vietnam invaded Cambodia and overthrew the Khmer Rouge. Between 1978 and 1992, there were a succession of governments under the influence of the Vietnamese military occupying the country.  <\/span><\/p>\n<\/div>\n<\/div>\n<\/div>\n<div id=\"\" class=\"brz-css-oo1jK brz-css-ve6L6 brz-css-nhdDN brz-wrapper\">\n<div class=\"brz-spacer brz-css-agATC brz-css-ixiir\"><\/div>\n<\/div>\n<\/div>\n<\/div>\n<\/div>\n<\/div>\n<\/div>\n<\/div>\n<\/section>\n<section id=\"kazcnqzlusokngkgdhodcahagnoisvgvprtc\" class=\"brz-section brz-css-tF8eQ\">\n<div class=\"brz-section__content brz-section--boxed brz-css-xDBVo brz-css-ywJdr\" data-brz-custom-id=\"jlgfseyxexfsecbqakkyeutmuzpmtniilshe\">\n<div class=\"brz-container brz-css-pkQMu\">\n<div class=\"brz-row__container brz-css-uGePL\" data-brz-custom-id=\"lveqdtnrpyxewvtapfuuzgimftxyrdjlcohj\">\n<div class=\"brz-bg\"><\/div>\n<div class=\"brz-row brz-css-ds9eW brz-css-aIr3B\">\n<div class=\"brz-columns brz-css-p03t1 brz-css-z0XEg\" data-brz-custom-id=\"hqxzixoqgulfvwwbaxcffbwcnnappkwyxtgf\">\n<div class=\"brz-bg\"><\/div>\n<div class=\"brz-column__items brz-css-jIU_1\">\n<div id=\"\" class=\"brz-css-oo1jK brz-wrapper\">\n<div class=\"brz-image brz-css-lJDia brz-css-mxZa4\" data-brz-custom-id=\"lqbpxasesarpikvbpmcvtxtszbatwacfngoi\"><img decoding=\"async\" class=\"brz-img\" src=\"https:\/\/heartsoffreedom.org\/wp-content\/uploads\/brizy\/imgs\/boatpeople_005-510x373x39x0x432x373x1557778297.jpg\" alt=\"\" loading=\"lazy\"><\/div>\n<\/div>\n<\/div>\n<\/div>\n<div class=\"brz-columns brz-css-p03t1 brz-css-xv1i6\" data-brz-custom-id=\"icggnhmwpunizvjwlggneqxkejhbtgjqwfss\">\n<div class=\"brz-bg\"><\/div>\n<div class=\"brz-column__items brz-css-jIU_1 brz-css-iZNP3\">\n<div id=\"\" class=\"brz-css-oo1jK brz-wrapper\">\n<div class=\"brz-rich-text brz-rich-text__custom brz-css-urhE5\" data-brz-custom-id=\"zycjkuvckdujnmpbkbplawadzgtskfaukljf\">\n<div data-brz-translate-text=\"1\">\n<h3 class=\"brz-tp-heading3 brz-css-wQbfK\"><em class=\"brz-cp-color2\">Pour le Canada, le Mouvement des r\u00e9fugi\u00e9s indochinois a \u00e9t\u00e9 tr\u00e8s important pour plusieurs raisons. Il s\u2019agissait du plus grand mouvement de r\u00e9installation de r\u00e9fugi\u00e9s depuis le vidage des camps de personnes d\u00e9plac\u00e9es en Europe \u00e0 la suite de la Seconde Guerre mondiale.<\/em><\/h3>\n<\/div>\n<\/div>\n<\/div>\n<\/div>\n<\/div>\n<\/div>\n<\/div>\n<\/div>\n<\/div>\n<\/section>\n<section id=\"bmrxndkgcndnfwfkvowlxtguynaxtilsgvgf\" class=\"brz-section brz-css-tF8eQ\">\n<div class=\"brz-section__content brz-section--boxed brz-css-xDBVo brz-css-i0Zc5\" data-brz-custom-id=\"govrxuwoqqyltcdesroxfxxnqqgnhnhspjps\">\n<div class=\"brz-container brz-css-pkQMu brz-css-eMb2l\">\n<div class=\"brz-row__container brz-css-uGePL\" data-brz-custom-id=\"jfqzhbhbtyuvsddpwblkkxaozgyighgatzqe\">\n<div class=\"brz-bg\"><\/div>\n<div class=\"brz-row brz-css-ds9eW brz-css-aIr3B\">\n<div class=\"brz-columns brz-css-p03t1 brz-css-swxUR\" data-brz-custom-id=\"tkiaknpybqwizqpjolrxmnibgmurnknyajhf\">\n<div class=\"brz-bg\"><\/div>\n<div class=\"brz-column__items brz-css-jIU_1 brz-css-u6_gi\">\n<div id=\"\" class=\"brz-css-oo1jK brz-css-ve6L6 brz-css-bYTC3 brz-wrapper\">\n<div class=\"brz-spacer brz-css-agATC brz-css-z7eih\"><\/div>\n<\/div>\n<div id=\"\" class=\"brz-css-oo1jK brz-css-yewII brz-wrapper\">\n<div class=\"brz-rich-text brz-rich-text__custom brz-css-urhE5\" data-brz-custom-id=\"kdjfngezlnvveyamwnhtsrnwhzghpqdyyycl\">\n<div data-brz-translate-text=\"1\">\n<p class=\"brz-tp-paragraph brz-css-kwX0H\"><span class=\"brz-cp-color1\">Au cours de la guerre, les bombardements incessants ont entra\u00een\u00e9 la destruction des terres et des rizi\u00e8res parsem\u00e9es de mines et contamin\u00e9es par les produits chimiques et les herbicides utilis\u00e9s pour d\u00e9truire le riz et d\u2019autres cultures. En raison de son importance strat\u00e9gique, le Laos faisait partie de la Guerre secr\u00e8te am\u00e9ricaine et a \u00e9t\u00e9 soumis \u00e0 une campagne de bombardements am\u00e9ricaine. Entre 1964 et 1973, les \u00c9-U ont largu\u00e9 deux millions de tonnes de bombes sur le Laos, ce qui en faisait le pays le plus fortement bombard\u00e9 au monde. En 1975, le Pathet Lao, le Parti communiste lao, a pris le pouvoir au pays apr\u00e8s une guerre civile avec l\u2019arm\u00e9e royale lao commenc\u00e9e en 1960. Dans les ann\u00e9es suivant 1975, de nombreux Vietnamiens, Cambodgiens et Laotiens ont connu des p\u00e9nuries alimentaires ou sont morts de maladies ou de faim.<\/span><\/p>\n<p class=\"brz-tp-paragraph brz-css-gkO2N\"><\/p>\n<p class=\"brz-tp-paragraph brz-css-djFti\"><span class=\"brz-cp-color1\">La fuite des r\u00e9fugi\u00e9s du Vietnam, du Cambodge et du Laos vers d\u2019autres pays bordant la mer de Chine m\u00e9ridionale, soit par bateau vers des ports en Tha\u00eflande, en Malaisie, en Indon\u00e9sie, en Chine, aux Philippines ou \u00e0 Singapour soit par voie de terre vers la Tha\u00eflande et la Chine a commenc\u00e9 en avril-mai 1975 et a continu\u00e9, de fa\u00e7on intermittente, jusqu\u2019au d\u00e9but des ann\u00e9es 1990. <\/span><\/p>\n<p class=\"brz-tp-paragraph brz-css-ahw2b\"><\/p>\n<p class=\"brz-tp-paragraph brz-css-ih4D6\"><span class=\"brz-cp-color1\">Le premier exode majeur de r\u00e9fugi\u00e9s a eu lieu en 1975-76, \u00e0 la suite des victoires communistes dans les trois pays. Apr\u00e8s un bref r\u00e9pit en 1977, les exodes ont augment\u00e9 rapidement en 1978, tant par bateau sur la mer de Chine m\u00e9ridionale qu\u2019\u00e0 travers les fronti\u00e8res terrestres \u00e0 partir du Cambodge et le fleuve M\u00e9kong \u00e0 partir du Laos, atteignant des proportions catastrophiques au d\u00e9but de 1979. Une s\u00e9rie de guerres locales, le r\u00e8gne de terreur des Khmers rouges au Cambodge, de mauvaises r\u00e9coltes, des conditions \u00e9conomiques \u00e9pouvantables ainsi que la pers\u00e9cution de ceux qui \u00e9taient consid\u00e9r\u00e9s comme des ennemis de classe ou des ennemis ethniques ont pouss\u00e9 un grand nombre de personnes \u00e0 entreprendre des voyages extr\u00eamement dangereux, et souvent mortels, pour fuir leur patrie. La communaut\u00e9 internationale est parvenue \u00e0 s\u2019entendre pour r\u00e9soudre cette crise humanitaire et politique majeure d\u2019ordre international en Asie du Sud-Est en juillet 1979 par la r\u00e9installation dans des pays d\u00e9velopp\u00e9s. <\/span><\/p>\n<p class=\"brz-tp-paragraph brz-css-ae2Ez\"><\/p>\n<p class=\"brz-tp-paragraph brz-css-ukoY0\"><span class=\"brz-cp-color1\">\u00c0 la fin de 1980, le nombre de camps avait \u00e9t\u00e9 consid\u00e9rablement r\u00e9duit et la crise des r\u00e9fugi\u00e9s semblait r\u00e9gl\u00e9e \u00e0 premi\u00e8re vue. En 1981, les trois pays sources de r\u00e9fugi\u00e9s progressaient lentement et de fa\u00e7on in\u00e9gale vers une stabilisation interne. Cependant, tout au long du d\u00e9but des ann\u00e9es 1980, de grandes parties de leur population se sentaient sous pression et continuaient de s\u2019enfuir vers les pays voisins et ensuite vers la r\u00e9installation dans l\u2019Ouest. \u00c0 la fin des ann\u00e9es 1980, cependant, le Vietnam, le Laos et le Cambodge \u00e9tant largement stabilis\u00e9s, il est devenu \u00e9vident qu\u2019une proportion croissante de ceux qui arrivaient dans les camps de r\u00e9fugi\u00e9s \u00e9taient motiv\u00e9s par des facteurs d\u2019ordre familial et \u00e9conomique. En 1989, par l\u2019entremise du Plan d\u2019action global pour les r\u00e9fugi\u00e9s indochinois, la communaut\u00e9 internationale a introduit un filtrage pour les demandeurs du statut de r\u00e9fugi\u00e9 et a convenu d\u2019\u00e9liminer progressivement la r\u00e9installation dans un pays tiers comme la principale solution aux exodes des populations de l\u2019Asie du Sud-Est.<\/span><\/p>\n<p class=\"brz-tp-paragraph brz-css-fyid9\"><\/p>\n<p class=\"brz-tp-paragraph brz-css-l4pKw\"><span class=\"brz-cp-color1\">Pour le Canada, le Mouvement des r\u00e9fugi\u00e9s indochinois a \u00e9t\u00e9 tr\u00e8s important pour plusieurs raisons. Il s\u2019agissait du plus grand mouvement de r\u00e9installation de r\u00e9fugi\u00e9s depuis le vidage des camps de personnes d\u00e9plac\u00e9es en Europe \u00e0 la suite de la Seconde Guerre mondiale. C\u2019\u00e9tait le premier mouvement massif de r\u00e9fugi\u00e9s \u00e0 r\u00e9installer des populations de minorit\u00e9s visibles qui \u00e9taient culturellement, ethniquement et linguistiquement tr\u00e8s diff\u00e9rentes de la soci\u00e9t\u00e9 canadienne dominante. C\u2019\u00e9tait le premier mouvement de r\u00e9fugi\u00e9s dans lequel des Canadiens ordinaires, le peuple canadien, ont jou\u00e9 un r\u00f4le d\u00e9cisif par l\u2019entremise des nouveaux programmes de parrainage priv\u00e9 et par groupes. Le r\u00f4le extraordinaire jou\u00e9 par des Canadiens ordinaires pour r\u00e9soudre la crise des r\u00e9fugi\u00e9s de l\u2019Asie du Sud-Est a \u00e9t\u00e9 reconnu internationalement par le d\u00e9cernement de la m\u00e9daille Nansen (la plus haute distinction pour l\u2019accueil des r\u00e9fugi\u00e9s) au peuple du Canada en 1986.<\/span><\/p>\n<p class=\"brz-tp-paragraph brz-css-x5gCZ\"><\/p>\n<p class=\"brz-tp-paragraph brz-css-xG3mF\"><span class=\"brz-cp-color1\">Pour r\u00e9pondre aux d\u00e9fis administratifs et op\u00e9rationnels du mouvement des r\u00e9fugi\u00e9s indochinois, les fonctionnaires canadiens ont cr\u00e9\u00e9 plusieurs solutions innovantes (parrainages priv\u00e9 et par groupe, cat\u00e9gories d\u00e9sign\u00e9es ainsi que le centre de jumelage des r\u00e9fugi\u00e9s) qui sont encore en place. Finalement, et surtout, l\u2019int\u00e9gration r\u00e9ussie des r\u00e9fugi\u00e9s vietnamiens, cambodgiens et laotiens dans la soci\u00e9t\u00e9 canadienne a d\u00e9montr\u00e9 que les r\u00e9fugi\u00e9s peuvent faire et font effectivement de r\u00e9elles contributions au Canada, et qu\u2019eux et leurs enfants peuvent devenir et deviennent des Canadiens engag\u00e9s, productifs et patriotes.<\/span><\/p>\n<\/div>\n<\/div>\n<\/div>\n<div id=\"\" class=\"brz-css-oo1jK brz-css-ve6L6 brz-css-r54NO brz-wrapper\">\n<div class=\"brz-spacer brz-css-agATC brz-css-jGYyd\"><\/div>\n<\/div>\n<\/div>\n<\/div>\n<\/div>\n<\/div>\n<\/div>\n<\/div>\n<\/section>\n<section id=\"ydjybqzwrw\" class=\"brz-section brz-css-tF8eQ\">\n<div class=\"brz-section__content brz-section--boxed brz-css-xDBVo brz-css-tXt57\" data-brz-custom-id=\"cgfwdpapvc\">\n<div class=\"brz-container brz-css-pkQMu\">\n<div class=\"brz-row__container brz-css-uGePL\" data-brz-custom-id=\"odnbywbrlf\">\n<div class=\"brz-bg\"><\/div>\n<div class=\"brz-row brz-css-ds9eW brz-css-aIr3B\">\n<div class=\"brz-columns brz-css-p03t1 brz-css-bK0F2\" data-brz-custom-id=\"wxorkyrnzr\">\n<div class=\"brz-bg\"><\/div>\n<div class=\"brz-column__items brz-css-jIU_1\">\n<div id=\"\" class=\"brz-css-oo1jK brz-wrapper\">\n<div class=\"brz-rich-text brz-rich-text__custom brz-css-urhE5\" data-brz-custom-id=\"vhmklpsrns\">\n<div data-brz-translate-text=\"1\">\n<p class=\"brz-text-lg-center brz-lh-lg-1_3 brz-lh-sm-im-1_3 brz-lh-xs-im-1_3 brz-fs-lg-56 brz-fs-sm-im-40 brz-fs-xs-im-34 brz-ls-lg-m_1_5 brz-ls-sm-im-m_1 brz-ls-xs-im-m_1 brz-ff-lato brz-fw-lg-400 brz-fw-sm-im-400 brz-fw-xs-im-400 brz-css-mIDTx\"><span class=\"brz-cp-color1\">Chronologie <\/span><\/p>\n<\/div>\n<\/div>\n<\/div>\n<div id=\"\" class=\"brz-css-oo1jK brz-wrapper\">\n<div class=\"brz-rich-text brz-rich-text__custom brz-css-urhE5\" data-brz-custom-id=\"cflbosmwie\">\n<div data-brz-translate-text=\"1\">\n<p class=\"brz-tp-heading1 brz-text-lg-center brz-css-xh3yN\"><span class=\"brz-cp-color7\"> 1975-1978<\/span><\/p>\n<\/div>\n<\/div>\n<\/div>\n<div id=\"\" class=\"brz-css-oo1jK brz-wrapper\">\n<div class=\"brz-embed-code brz-css-yuS33\" data-brz-custom-id=\"dkcbqjmecg\">\n<div class=\"brz-embed-content\">\n<div><\/div>\n<\/div>\n<\/div>\n<\/div>\n<div id=\"\" class=\"brz-css-oo1jK brz-css-wErbK brz-wrapper\">\n<div class=\"brz-line brz-line-default brz-css-uoZRb brz-css-tk5PX\" data-brz-custom-id=\"vjtwamrkyq\">\n<hr class=\"brz-hr\"><\/div>\n<\/div>\n<div class=\"brz-row__container brz-css-uGePL\" data-brz-custom-id=\"qwsmwdjzvf\">\n<div class=\"brz-bg\"><\/div>\n<div class=\"brz-row brz-row--inner brz-css-ds9eW brz-css-aIr3B\">\n<div class=\"brz-columns brz-css-p03t1 brz-css-az_Rp\" data-brz-custom-id=\"tmdduvagyh\">\n<div class=\"brz-bg\"><\/div>\n<div class=\"brz-column__items brz-css-jIU_1\">\n<div id=\"\" class=\"brz-css-oo1jK brz-wrapper\">\n<div class=\"brz-rich-text brz-rich-text__custom brz-css-urhE5\" data-brz-custom-id=\"sgsbqchpoq\">\n<div data-brz-translate-text=\"1\">\n<p class=\"brz-text-lg-center brz-tp-heading1 brz-css-bltxy\"><span class=\"brz-cp-color7\"> 1979-1980<\/span><\/p>\n<\/div>\n<\/div>\n<\/div>\n<div id=\"\" class=\"brz-css-oo1jK brz-wrapper\">\n<div class=\"brz-embed-code brz-css-yuS33\" data-brz-custom-id=\"dhhuqfhlvt\">\n<div class=\"brz-embed-content\">\n<div><\/div>\n<\/div>\n<\/div>\n<\/div>\n<div id=\"\" class=\"brz-css-oo1jK brz-css-k2pV5 brz-wrapper\">\n<div class=\"brz-line brz-line-default brz-css-uoZRb brz-css-qSXxG\" data-brz-custom-id=\"yqmhvyhkfz\">\n<hr class=\"brz-hr\"><\/div>\n<\/div>\n<div id=\"\" class=\"brz-css-oo1jK brz-css-ve6L6 brz-css-vA8at brz-wrapper\">\n<div class=\"brz-spacer brz-css-agATC brz-css-pDNX0\"><\/div>\n<\/div>\n<div id=\"\" class=\"brz-css-oo1jK brz-css-ve6L6 brz-css-vABi3 brz-wrapper\">\n<div class=\"brz-spacer brz-css-agATC brz-css-s5hFg\"><\/div>\n<\/div>\n<\/div>\n<\/div>\n<\/div>\n<\/div>\n<div class=\"brz-row__container brz-css-uGePL\" data-brz-custom-id=\"pqvpyvuitl\">\n<div class=\"brz-bg\"><\/div>\n<div class=\"brz-row brz-row--inner brz-css-ds9eW brz-css-aIr3B\">\n<div class=\"brz-columns brz-css-p03t1 brz-css-oON6g\" data-brz-custom-id=\"uaczbesrdb\">\n<div class=\"brz-bg\"><\/div>\n<div class=\"brz-column__items brz-css-jIU_1\">\n<div id=\"\" class=\"brz-css-oo1jK brz-wrapper\">\n<div class=\"brz-rich-text brz-rich-text__custom brz-css-urhE5\" data-brz-custom-id=\"xcprvghuhg\">\n<div data-brz-translate-text=\"1\">\n<p class=\"brz-tp-heading1 brz-text-lg-center brz-css-lCuh8\"><span class=\"brz-cp-color7\"> 1981-1991<\/span><\/p>\n<\/div>\n<\/div>\n<\/div>\n<div id=\"\" class=\"brz-css-oo1jK brz-wrapper\">\n<div class=\"brz-embed-code brz-css-yuS33\" data-brz-custom-id=\"wcoqsveegb\">\n<div class=\"brz-embed-content\">\n<div><\/div>\n<\/div>\n<\/div>\n<\/div>\n<div id=\"\" class=\"brz-css-oo1jK brz-css-rIFwK brz-wrapper\">\n<div class=\"brz-line brz-line-default brz-css-uoZRb brz-css-zaVNL\" data-brz-custom-id=\"zhvucnaznw\">\n<hr class=\"brz-hr\"><\/div>\n<\/div>\n<div id=\"\" class=\"brz-css-oo1jK brz-css-ve6L6 brz-css-bp2Yr brz-wrapper\">\n<div class=\"brz-spacer brz-css-agATC brz-css-kogdv\"><\/div>\n<\/div>\n<div id=\"\" class=\"brz-css-oo1jK brz-css-ve6L6 brz-css-vayy1 brz-wrapper\">\n<div class=\"brz-spacer brz-css-agATC brz-css-kw8r7\"><\/div>\n<\/div>\n<\/div>\n<\/div>\n<\/div>\n<\/div>\n<div id=\"\" class=\"brz-css-oo1jK brz-css-ve6L6 brz-css-c1YLI brz-wrapper\">\n<div class=\"brz-spacer brz-css-agATC brz-css-uSTvq\"><\/div>\n<\/div>\n<div id=\"\" class=\"brz-css-oo1jK brz-css-ve6L6 brz-css-e2HCq brz-wrapper\">\n<div class=\"brz-spacer brz-css-agATC brz-css-nvn9p\"><\/div>\n<\/div>\n<\/div>\n<\/div>\n<\/div>\n<\/div>\n<\/div>\n<\/div>\n<\/section>\n<\/div>\n<p>    <!-- version:1723232085 --><\/p>","protected":false},"excerpt":{"rendered":"<p>The South East Asian&nbsp;Refugees Canada 1975-1991 A Brief Overview The American involvement in Vietnam began in the aftermath of the Second World War and in the context of the conflict with the Soviet Union which became known as the Cold War. They began providing funds to the French military to support their presence in Vietnam [&hellip;]<\/p>","protected":false},"author":1,"featured_media":765,"parent":0,"menu_order":0,"comment_status":"closed","ping_status":"closed","template":"","meta":{"_seopress_robots_primary_cat":"","_seopress_titles_title":"","_seopress_titles_desc":"Interactive timeline of indochinese refugee resettlement in Canada.","_seopress_robots_index":"","footnotes":""},"class_list":["post-392","page","type-page","status-publish","has-post-thumbnail","hentry"],"_links":{"self":[{"href":"https:\/\/heartsoffreedom.org\/fr\/wp-json\/wp\/v2\/pages\/392","targetHints":{"allow":["GET"]}}],"collection":[{"href":"https:\/\/heartsoffreedom.org\/fr\/wp-json\/wp\/v2\/pages"}],"about":[{"href":"https:\/\/heartsoffreedom.org\/fr\/wp-json\/wp\/v2\/types\/page"}],"author":[{"embeddable":true,"href":"https:\/\/heartsoffreedom.org\/fr\/wp-json\/wp\/v2\/users\/1"}],"replies":[{"embeddable":true,"href":"https:\/\/heartsoffreedom.org\/fr\/wp-json\/wp\/v2\/comments?post=392"}],"version-history":[{"count":1,"href":"https:\/\/heartsoffreedom.org\/fr\/wp-json\/wp\/v2\/pages\/392\/revisions"}],"predecessor-version":[{"id":17820,"href":"https:\/\/heartsoffreedom.org\/fr\/wp-json\/wp\/v2\/pages\/392\/revisions\/17820"}],"wp:featuredmedia":[{"embeddable":true,"href":"https:\/\/heartsoffreedom.org\/fr\/wp-json\/wp\/v2\/media\/765"}],"wp:attachment":[{"href":"https:\/\/heartsoffreedom.org\/fr\/wp-json\/wp\/v2\/media?parent=392"}],"curies":[{"name":"wp","href":"https:\/\/api.w.org\/{rel}","templated":true}]}}